{"id":1077,"date":"2013-10-14T16:48:32","date_gmt":"2013-10-14T16:48:32","guid":{"rendered":"http:\/\/onioneyethemes.com\/tao\/?page_id=1077"},"modified":"2022-11-05T10:52:59","modified_gmt":"2022-11-05T10:52:59","slug":"ueber-uns","status":"publish","type":"page","link":"https:\/\/www.kunsthochwald.ch\/index.php\/ueber-uns\/","title":{"rendered":"\u00dcber uns"},"content":{"rendered":"<h2>Wir sind eine Gruppe von K\u00fcnstlern, welche alle in Hochwald wohnen oder eng mit dem Dorf verbunden sind.<\/h2>\n<h6 style=\"text-align: right;\"><strong><img loading=\"lazy\" decoding=\"async\" class=\"alignnone wp-image-2625 size-full\" src=\"https:\/\/www.kunsthochwald.ch\/wp-content\/uploads\/2022\/11\/221104_Kunst-Hochwald_Gruppenbild_www-2-scaled.jpg\" alt=\"\" width=\"2560\" height=\"1704\" srcset=\"https:\/\/www.kunsthochwald.ch\/wp-content\/uploads\/2022\/11\/221104_Kunst-Hochwald_Gruppenbild_www-2-scaled.jpg 2560w, https:\/\/www.kunsthochwald.ch\/wp-content\/uploads\/2022\/11\/221104_Kunst-Hochwald_Gruppenbild_www-2-300x200.jpg 300w, https:\/\/www.kunsthochwald.ch\/wp-content\/uploads\/2022\/11\/221104_Kunst-Hochwald_Gruppenbild_www-2-1024x681.jpg 1024w, https:\/\/www.kunsthochwald.ch\/wp-content\/uploads\/2022\/11\/221104_Kunst-Hochwald_Gruppenbild_www-2-1536x1022.jpg 1536w, https:\/\/www.kunsthochwald.ch\/wp-content\/uploads\/2022\/11\/221104_Kunst-Hochwald_Gruppenbild_www-2-2048x1363.jpg 2048w, https:\/\/www.kunsthochwald.ch\/wp-content\/uploads\/2022\/11\/221104_Kunst-Hochwald_Gruppenbild_www-2-600x399.jpg 600w, https:\/\/www.kunsthochwald.ch\/wp-content\/uploads\/2022\/11\/221104_Kunst-Hochwald_Gruppenbild_www-2-940x626.jpg 940w\" sizes=\"auto, (max-width: 2560px) 100vw, 2560px\" \/>Mitwirkende 2022<\/strong><\/h6>\n<p>Auf Initiative von Erwin Schmidt und einigen Hobler K\u00fcnstlern fand 1995 die 1. Kunstausstellung statt. Seither setzen wir uns gemeinsam das Ziel, alle 3 oder 4 Jahre anl\u00e4sslich einer Kunstaustellung unsere Werke der \u00d6ffentlichkeit zu pr\u00e4sentieren.<\/p>\n<p>Wir sind weder ein Verein, noch kennen wir Mitgliedschaft, Vorstand, Sitzungen oder anderweitige Verpflichtungen.<\/p>\n<p>Einzig als Vorbereitung der Ausstellungen kommen wir in ungezwungenem Rahmen 2 &#8211; 3 Mal zusammen. Bei der Realisierung der Ausstellungen engagiert sich jeder im Rahmen seiner zeitlichen und pers\u00f6nlichen M\u00f6glichkeiten.<\/p>\n<p>Im Dorf wohnende Kunstschaffende, welche die M\u00f6glichkeit suchen ihre Werke \u00f6ffentlich auszustellen, sind herzlich willkommen.<\/p>\n\n\n<p><\/p>\n","protected":false},"excerpt":{"rendered":"<p>Wir sind eine Gruppe von K\u00fcnstlern, welche alle in Hochwald wohnen oder eng mit dem Dorf verbunden sind. Mitwirkende 2022 Auf Initiative von Erwin Schmidt und einigen Hobler K\u00fcnstlern fand\u2026 <span class=\"read-btn\"><a class=\"read-more\" href=\"https:\/\/www.kunsthochwald.ch\/index.php\/ueber-uns\/\">Read More &rarr;<\/a><\/span><\/p>\n","protected":false},"author":1,"featured_media":0,"parent":0,"menu_order":3,"comment_status":"open","ping_status":"closed","template":"","meta":{"footnotes":""},"class_list":["post-1077","page","type-page","status-publish","hentry"],"_links":{"self":[{"href":"https:\/\/www.kunsthochwald.ch\/index.php\/wp-json\/wp\/v2\/pages\/1077","targetHints":{"allow":["GET"]}}],"collection":[{"href":"https:\/\/www.kunsthochwald.ch\/index.php\/wp-json\/wp\/v2\/pages"}],"about":[{"href":"https:\/\/www.kunsthochwald.ch\/index.php\/wp-json\/wp\/v2\/types\/page"}],"author":[{"embeddable":true,"href":"https:\/\/www.kunsthochwald.ch\/index.php\/wp-json\/wp\/v2\/users\/1"}],"replies":[{"embeddable":true,"href":"https:\/\/www.kunsthochwald.ch\/index.php\/wp-json\/wp\/v2\/comments?post=1077"}],"version-history":[{"count":16,"href":"https:\/\/www.kunsthochwald.ch\/index.php\/wp-json\/wp\/v2\/pages\/1077\/revisions"}],"predecessor-version":[{"id":2627,"href":"https:\/\/www.kunsthochwald.ch\/index.php\/wp-json\/wp\/v2\/pages\/1077\/revisions\/2627"}],"wp:attachment":[{"href":"https:\/\/www.kunsthochwald.ch\/index.php\/wp-json\/wp\/v2\/media?parent=1077"}],"curies":[{"name":"wp","href":"https:\/\/api.w.org\/{rel}","templated":true}]}}